{"id":554,"date":"2021-03-30T09:14:04","date_gmt":"2021-03-30T07:14:04","guid":{"rendered":"https:\/\/pinbprzemysl.pl\/?page_id=554"},"modified":"2021-10-11T21:45:48","modified_gmt":"2021-10-11T19:45:48","slug":"aktualnosci","status":"publish","type":"page","link":"https:\/\/pinbprzemysl.pl\/?page_id=554","title":{"rendered":"Aktualno\u015bci"},"content":{"rendered":"\t\t<div data-elementor-type=\"wp-page\" data-elementor-id=\"554\" class=\"elementor elementor-554\">\n\t\t\t\t\t\t\t\t\t<section class=\"elementor-section elementor-top-section elementor-element elementor-element-30df052 elementor-section-boxed elementor-section-height-default elementor-section-height-default\" data-id=\"30df052\" data-element_type=\"section\">\n\t\t\t\t\t\t<div class=\"elementor-container elementor-column-gap-default\">\n\t\t\t\t\t<div class=\"elementor-column elementor-col-100 elementor-top-column elementor-element elementor-element-dc4c06b\" data-id=\"dc4c06b\" data-element_type=\"column\">\n\t\t\t<div class=\"elementor-widget-wrap elementor-element-populated\">\n\t\t\t\t\t\t\t\t<div class=\"elementor-element elementor-element-0a0ed04 elementor-widget elementor-widget-image\" data-id=\"0a0ed04\" data-element_type=\"widget\" data-widget_type=\"image.default\">\n\t\t\t\t<div class=\"elementor-widget-container\">\n\t\t\t\t\t\t\t\t\t\t\t\t\t\t\t<img decoding=\"async\" width=\"300\" height=\"187\" src=\"https:\/\/pinbprzemysl.pl\/wp-content\/uploads\/2021\/03\/pinb-561x330-1-e1616830684477-300x187.jpeg\" class=\"attachment-medium size-medium wp-image-550\" alt=\"\" loading=\"lazy\" srcset=\"https:\/\/pinbprzemysl.pl\/wp-content\/uploads\/2021\/03\/pinb-561x330-1-e1616830684477-300x187.jpeg 300w, https:\/\/pinbprzemysl.pl\/wp-content\/uploads\/2021\/03\/pinb-561x330-1-e1616830684477.jpeg 378w\" sizes=\"(max-width: 300px) 100vw, 300px\" \/>\t\t\t\t\t\t\t\t\t\t\t\t\t\t\t<\/div>\n\t\t\t\t<\/div>\n\t\t\t\t\t<\/div>\n\t\t<\/div>\n\t\t\t\t\t\t\t<\/div>\n\t\t<\/section>\n\t\t\t\t<section class=\"elementor-section elementor-top-section elementor-element elementor-element-0a221fa elementor-section-boxed elementor-section-height-default elementor-section-height-default\" data-id=\"0a221fa\" data-element_type=\"section\">\n\t\t\t\t\t\t<div class=\"elementor-container elementor-column-gap-default\">\n\t\t\t\t\t<div class=\"elementor-column elementor-col-100 elementor-top-column elementor-element elementor-element-1a8e975\" data-id=\"1a8e975\" data-element_type=\"column\">\n\t\t\t<div class=\"elementor-widget-wrap elementor-element-populated\">\n\t\t\t\t\t\t\t\t<div class=\"elementor-element elementor-element-3f079c5 elementor-widget elementor-widget-text-editor\" data-id=\"3f079c5\" data-element_type=\"widget\" data-widget_type=\"text-editor.default\">\n\t\t\t\t<div class=\"elementor-widget-container\">\n\t\t\t\t\t\t\t\t\t\t\t\t\t<\/div>\n\t\t\t\t<\/div>\n\t\t\t\t\t<\/div>\n\t\t<\/div>\n\t\t\t\t\t\t\t<\/div>\n\t\t<\/section>\n\t\t\t\t<section class=\"elementor-section elementor-top-section elementor-element elementor-element-c570c49 elementor-section-boxed elementor-section-height-default elementor-section-height-default\" data-id=\"c570c49\" data-element_type=\"section\">\n\t\t\t\t\t\t<div class=\"elementor-container elementor-column-gap-default\">\n\t\t\t\t\t<div class=\"elementor-column elementor-col-100 elementor-top-column elementor-element elementor-element-893a763\" data-id=\"893a763\" data-element_type=\"column\">\n\t\t\t<div class=\"elementor-widget-wrap elementor-element-populated\">\n\t\t\t\t\t\t\t\t<div class=\"elementor-element elementor-element-7deb826 elementor-widget elementor-widget-heading\" data-id=\"7deb826\" data-element_type=\"widget\" data-widget_type=\"heading.default\">\n\t\t\t\t<div class=\"elementor-widget-container\">\n\t\t\t<h1 class=\"elementor-heading-title elementor-size-default\">Deklaracja dost\u0119pno\u015bci<\/h1>\t\t<\/div>\n\t\t\t\t<\/div>\n\t\t\t\t\t<\/div>\n\t\t<\/div>\n\t\t\t\t\t\t\t<\/div>\n\t\t<\/section>\n\t\t\t\t<section class=\"elementor-section elementor-top-section elementor-element elementor-element-82b4f2e elementor-section-boxed elementor-section-height-default elementor-section-height-default\" data-id=\"82b4f2e\" data-element_type=\"section\">\n\t\t\t\t\t\t<div class=\"elementor-container elementor-column-gap-default\">\n\t\t\t\t\t<div class=\"elementor-column elementor-col-100 elementor-top-column elementor-element elementor-element-46c7bb7\" data-id=\"46c7bb7\" data-element_type=\"column\">\n\t\t\t<div class=\"elementor-widget-wrap elementor-element-populated\">\n\t\t\t\t\t\t\t\t<div class=\"elementor-element elementor-element-0f22399 elementor-widget elementor-widget-text-editor\" data-id=\"0f22399\" data-element_type=\"widget\" data-widget_type=\"text-editor.default\">\n\t\t\t\t<div class=\"elementor-widget-container\">\n\t\t\t\t\t\t\t<ul>\n<li><a href=\"https:\/\/pinbprzemysl.pl\/wp-content\/uploads\/2021\/03\/dekalracja-doste\u0328pnos\u0301ci-.pdf\"><span style=\"vertical-align: inherit;\"><span style=\"vertical-align: inherit;\"><span style=\"vertical-align: inherit;\"><span style=\"vertical-align: inherit;\">Deklaracja.<\/span><\/span><\/span><\/span><\/a><\/li>\n<li><a href=\"https:\/\/pinbprzemysl.pl\/wp-content\/uploads\/2021\/03\/showWydrukPage-2.pdf\"><span style=\"vertical-align: inherit;\"><span style=\"vertical-align: inherit;\"><span style=\"vertical-align: inherit;\"><span style=\"vertical-align: inherit;\">Raport o stanie zapewniania podmiotom sektora publicznego&nbsp;<\/span><\/span><\/span><\/span><\/a><\/li>\n<\/ul>\t\t\t\t\t\t<\/div>\n\t\t\t\t<\/div>\n\t\t\t\t\t<\/div>\n\t\t<\/div>\n\t\t\t\t\t\t\t<\/div>\n\t\t<\/section>\n\t\t\t\t<section class=\"elementor-section elementor-top-section elementor-element elementor-element-1497361 elementor-section-boxed elementor-section-height-default elementor-section-height-default\" data-id=\"1497361\" data-element_type=\"section\">\n\t\t\t\t\t\t<div class=\"elementor-container elementor-column-gap-default\">\n\t\t\t\t\t<div class=\"elementor-column elementor-col-100 elementor-top-column elementor-element elementor-element-74982cf\" data-id=\"74982cf\" data-element_type=\"column\">\n\t\t\t<div class=\"elementor-widget-wrap elementor-element-populated\">\n\t\t\t\t\t\t\t\t<div class=\"elementor-element elementor-element-0ba322d elementor-widget elementor-widget-image\" data-id=\"0ba322d\" data-element_type=\"widget\" data-widget_type=\"image.default\">\n\t\t\t\t<div class=\"elementor-widget-container\">\n\t\t\t\t\t\t\t\t\t\t\t\t\t\t\t<img decoding=\"async\" src=\"https:\/\/pinbprzemysl.pl\/wp-content\/plugins\/elementor\/assets\/images\/placeholder.png\" title=\"\" alt=\"\" loading=\"lazy\" \/>\t\t\t\t\t\t\t\t\t\t\t\t\t\t\t<\/div>\n\t\t\t\t<\/div>\n\t\t\t\t\t<\/div>\n\t\t<\/div>\n\t\t\t\t\t\t\t<\/div>\n\t\t<\/section>\n\t\t\t\t\t\t\t<\/div>\n\t\t","protected":false},"excerpt":{"rendered":"<p>Deklaracja dost\u0119pno\u015bci Deklaracja. Raport o stanie zapewniania podmiotom sektora publicznego&nbsp;<\/p>\n","protected":false},"author":1,"featured_media":0,"parent":0,"menu_order":0,"comment_status":"closed","ping_status":"closed","template":"elementor_header_footer","meta":{"_eb_attr":""},"yoast_head":"<!-- This site is optimized with the Yoast SEO plugin v19.14 - https:\/\/yoast.com\/wordpress\/plugins\/seo\/ -->\n<title>Aktualno\u015bci - Powiatowy Inspektorat Nadzoru Budowlanego<\/title>\n<meta name=\"robots\" content=\"index, follow, max-snippet:-1, max-image-preview:large, max-video-preview:-1\" \/>\n<link rel=\"canonical\" href=\"https:\/\/pinbprzemysl.pl\/?page_id=554\" \/>\n<meta property=\"og:locale\" content=\"pl_PL\" \/>\n<meta property=\"og:type\" content=\"article\" \/>\n<meta property=\"og:title\" content=\"Aktualno\u015bci - Powiatowy Inspektorat Nadzoru Budowlanego\" \/>\n<meta property=\"og:description\" content=\"Deklaracja dost\u0119pno\u015bci Deklaracja. Raport o stanie zapewniania podmiotom sektora publicznego&nbsp;\" \/>\n<meta property=\"og:url\" content=\"https:\/\/pinbprzemysl.pl\/?page_id=554\" \/>\n<meta property=\"og:site_name\" content=\"Powiatowy Inspektorat Nadzoru Budowlanego\" \/>\n<meta property=\"article:modified_time\" content=\"2021-10-11T19:45:48+00:00\" \/>\n<meta property=\"og:image\" content=\"https:\/\/pinbprzemysl.pl\/wp-content\/uploads\/2021\/03\/pinb-561x330-1-e1616830684477-300x187.jpeg\" \/>\n<meta name=\"twitter:card\" content=\"summary_large_image\" \/>\n<meta name=\"twitter:label1\" content=\"Szacowany czas czytania\" \/>\n\t<meta name=\"twitter:data1\" content=\"1 minuta\" \/>\n<script type=\"application\/ld+json\" class=\"yoast-schema-graph\">{\"@context\":\"https:\/\/schema.org\",\"@graph\":[{\"@type\":\"WebPage\",\"@id\":\"https:\/\/pinbprzemysl.pl\/?page_id=554\",\"url\":\"https:\/\/pinbprzemysl.pl\/?page_id=554\",\"name\":\"Aktualno\u015bci - Powiatowy Inspektorat Nadzoru Budowlanego\",\"isPartOf\":{\"@id\":\"https:\/\/pinbprzemysl.pl\/#website\"},\"datePublished\":\"2021-03-30T07:14:04+00:00\",\"dateModified\":\"2021-10-11T19:45:48+00:00\",\"breadcrumb\":{\"@id\":\"https:\/\/pinbprzemysl.pl\/?page_id=554#breadcrumb\"},\"inLanguage\":\"pl-PL\",\"potentialAction\":[{\"@type\":\"ReadAction\",\"target\":[\"https:\/\/pinbprzemysl.pl\/?page_id=554\"]}]},{\"@type\":\"BreadcrumbList\",\"@id\":\"https:\/\/pinbprzemysl.pl\/?page_id=554#breadcrumb\",\"itemListElement\":[{\"@type\":\"ListItem\",\"position\":1,\"name\":\"Strona g\u0142\u00f3wna\",\"item\":\"https:\/\/pinbprzemysl.pl\/\"},{\"@type\":\"ListItem\",\"position\":2,\"name\":\"Aktualno\u015bci\"}]},{\"@type\":\"WebSite\",\"@id\":\"https:\/\/pinbprzemysl.pl\/#website\",\"url\":\"https:\/\/pinbprzemysl.pl\/\",\"name\":\"Powiatowy Inspektorat Nadzoru Budowlanego\",\"description\":\"PINB Przemy\u015bl\",\"publisher\":{\"@id\":\"https:\/\/pinbprzemysl.pl\/#organization\"},\"potentialAction\":[{\"@type\":\"SearchAction\",\"target\":{\"@type\":\"EntryPoint\",\"urlTemplate\":\"https:\/\/pinbprzemysl.pl\/?s={search_term_string}\"},\"query-input\":\"required name=search_term_string\"}],\"inLanguage\":\"pl-PL\"},{\"@type\":\"Organization\",\"@id\":\"https:\/\/pinbprzemysl.pl\/#organization\",\"name\":\"PINB Przemy\u015bl - Powiatowy Inspektorat Nadzoru Budowlanego w Przemy\u015blu\",\"url\":\"https:\/\/pinbprzemysl.pl\/\",\"logo\":{\"@type\":\"ImageObject\",\"inLanguage\":\"pl-PL\",\"@id\":\"https:\/\/pinbprzemysl.pl\/#\/schema\/logo\/image\/\",\"url\":\"https:\/\/pinbprzemysl.pl\/wp-content\/uploads\/2021\/03\/pinb-561x330-1-e1616830684477.jpeg\",\"contentUrl\":\"https:\/\/pinbprzemysl.pl\/wp-content\/uploads\/2021\/03\/pinb-561x330-1-e1616830684477.jpeg\",\"width\":378,\"height\":235,\"caption\":\"PINB Przemy\u015bl - Powiatowy Inspektorat Nadzoru Budowlanego w Przemy\u015blu\"},\"image\":{\"@id\":\"https:\/\/pinbprzemysl.pl\/#\/schema\/logo\/image\/\"}}]}<\/script>\n<!-- \/ Yoast SEO plugin. -->","yoast_head_json":{"title":"Aktualno\u015bci - Powiatowy Inspektorat Nadzoru Budowlanego","robots":{"index":"index","follow":"follow","max-snippet":"max-snippet:-1","max-image-preview":"max-image-preview:large","max-video-preview":"max-video-preview:-1"},"canonical":"https:\/\/pinbprzemysl.pl\/?page_id=554","og_locale":"pl_PL","og_type":"article","og_title":"Aktualno\u015bci - Powiatowy Inspektorat Nadzoru Budowlanego","og_description":"Deklaracja dost\u0119pno\u015bci Deklaracja. Raport o stanie zapewniania podmiotom sektora publicznego&nbsp;","og_url":"https:\/\/pinbprzemysl.pl\/?page_id=554","og_site_name":"Powiatowy Inspektorat Nadzoru Budowlanego","article_modified_time":"2021-10-11T19:45:48+00:00","og_image":[{"url":"https:\/\/pinbprzemysl.pl\/wp-content\/uploads\/2021\/03\/pinb-561x330-1-e1616830684477-300x187.jpeg"}],"twitter_card":"summary_large_image","twitter_misc":{"Szacowany czas czytania":"1 minuta"},"schema":{"@context":"https:\/\/schema.org","@graph":[{"@type":"WebPage","@id":"https:\/\/pinbprzemysl.pl\/?page_id=554","url":"https:\/\/pinbprzemysl.pl\/?page_id=554","name":"Aktualno\u015bci - Powiatowy Inspektorat Nadzoru Budowlanego","isPartOf":{"@id":"https:\/\/pinbprzemysl.pl\/#website"},"datePublished":"2021-03-30T07:14:04+00:00","dateModified":"2021-10-11T19:45:48+00:00","breadcrumb":{"@id":"https:\/\/pinbprzemysl.pl\/?page_id=554#breadcrumb"},"inLanguage":"pl-PL","potentialAction":[{"@type":"ReadAction","target":["https:\/\/pinbprzemysl.pl\/?page_id=554"]}]},{"@type":"BreadcrumbList","@id":"https:\/\/pinbprzemysl.pl\/?page_id=554#breadcrumb","itemListElement":[{"@type":"ListItem","position":1,"name":"Strona g\u0142\u00f3wna","item":"https:\/\/pinbprzemysl.pl\/"},{"@type":"ListItem","position":2,"name":"Aktualno\u015bci"}]},{"@type":"WebSite","@id":"https:\/\/pinbprzemysl.pl\/#website","url":"https:\/\/pinbprzemysl.pl\/","name":"Powiatowy Inspektorat Nadzoru Budowlanego","description":"PINB Przemy\u015bl","publisher":{"@id":"https:\/\/pinbprzemysl.pl\/#organization"},"potentialAction":[{"@type":"SearchAction","target":{"@type":"EntryPoint","urlTemplate":"https:\/\/pinbprzemysl.pl\/?s={search_term_string}"},"query-input":"required name=search_term_string"}],"inLanguage":"pl-PL"},{"@type":"Organization","@id":"https:\/\/pinbprzemysl.pl\/#organization","name":"PINB Przemy\u015bl - Powiatowy Inspektorat Nadzoru Budowlanego w Przemy\u015blu","url":"https:\/\/pinbprzemysl.pl\/","logo":{"@type":"ImageObject","inLanguage":"pl-PL","@id":"https:\/\/pinbprzemysl.pl\/#\/schema\/logo\/image\/","url":"https:\/\/pinbprzemysl.pl\/wp-content\/uploads\/2021\/03\/pinb-561x330-1-e1616830684477.jpeg","contentUrl":"https:\/\/pinbprzemysl.pl\/wp-content\/uploads\/2021\/03\/pinb-561x330-1-e1616830684477.jpeg","width":378,"height":235,"caption":"PINB Przemy\u015bl - Powiatowy Inspektorat Nadzoru Budowlanego w Przemy\u015blu"},"image":{"@id":"https:\/\/pinbprzemysl.pl\/#\/schema\/logo\/image\/"}}]}},"_links":{"self":[{"href":"https:\/\/pinbprzemysl.pl\/index.php?rest_route=\/wp\/v2\/pages\/554"}],"collection":[{"href":"https:\/\/pinbprzemysl.pl\/index.php?rest_route=\/wp\/v2\/pages"}],"about":[{"href":"https:\/\/pinbprzemysl.pl\/index.php?rest_route=\/wp\/v2\/types\/page"}],"author":[{"embeddable":true,"href":"https:\/\/pinbprzemysl.pl\/index.php?rest_route=\/wp\/v2\/users\/1"}],"replies":[{"embeddable":true,"href":"https:\/\/pinbprzemysl.pl\/index.php?rest_route=%2Fwp%2Fv2%2Fcomments&post=554"}],"version-history":[{"count":18,"href":"https:\/\/pinbprzemysl.pl\/index.php?rest_route=\/wp\/v2\/pages\/554\/revisions"}],"predecessor-version":[{"id":1172,"href":"https:\/\/pinbprzemysl.pl\/index.php?rest_route=\/wp\/v2\/pages\/554\/revisions\/1172"}],"wp:attachment":[{"href":"https:\/\/pinbprzemysl.pl\/index.php?rest_route=%2Fwp%2Fv2%2Fmedia&parent=554"}],"curies":[{"name":"wp","href":"https:\/\/api.w.org\/{rel}","templated":true}]}}