{"id":533,"date":"2021-03-18T16:36:19","date_gmt":"2021-03-18T15:36:19","guid":{"rendered":"https:\/\/pinbprzemysl.pl\/?page_id=533"},"modified":"2021-03-18T16:41:12","modified_gmt":"2021-03-18T15:41:12","slug":"archiwalne","status":"publish","type":"page","link":"https:\/\/pinbprzemysl.pl\/?page_id=533","title":{"rendered":"Archiwalne"},"content":{"rendered":"\t\t<div data-elementor-type=\"wp-page\" data-elementor-id=\"533\" class=\"elementor elementor-533\">\n\t\t\t\t\t\t\t\t\t<section class=\"elementor-section elementor-top-section elementor-element elementor-element-e34960e elementor-section-boxed elementor-section-height-default elementor-section-height-default\" data-id=\"e34960e\" data-element_type=\"section\">\n\t\t\t\t\t\t<div class=\"elementor-container elementor-column-gap-default\">\n\t\t\t\t\t<div class=\"elementor-column elementor-col-100 elementor-top-column elementor-element elementor-element-f9d30c3\" data-id=\"f9d30c3\" data-element_type=\"column\">\n\t\t\t<div class=\"elementor-widget-wrap elementor-element-populated\">\n\t\t\t\t\t\t\t\t<div class=\"elementor-element elementor-element-cc3dc7a elementor-widget elementor-widget-heading\" data-id=\"cc3dc7a\" data-element_type=\"widget\" data-widget_type=\"heading.default\">\n\t\t\t\t<div class=\"elementor-widget-container\">\n\t\t\t<h2 class=\"elementor-heading-title elementor-size-default\">Zam\u00f3wienie Publiczne<\/h2>\t\t<\/div>\n\t\t\t\t<\/div>\n\t\t\t\t\t<\/div>\n\t\t<\/div>\n\t\t\t\t\t\t\t<\/div>\n\t\t<\/section>\n\t\t\t\t<section class=\"elementor-section elementor-top-section elementor-element elementor-element-3df4764 elementor-section-boxed elementor-section-height-default elementor-section-height-default\" data-id=\"3df4764\" data-element_type=\"section\">\n\t\t\t\t\t\t<div class=\"elementor-container elementor-column-gap-default\">\n\t\t\t\t\t<div class=\"elementor-column elementor-col-100 elementor-top-column elementor-element elementor-element-778c570\" data-id=\"778c570\" data-element_type=\"column\">\n\t\t\t<div class=\"elementor-widget-wrap elementor-element-populated\">\n\t\t\t\t\t\t\t\t<div class=\"elementor-element elementor-element-d3abe53 elementor-widget elementor-widget-text-editor\" data-id=\"d3abe53\" data-element_type=\"widget\" data-widget_type=\"text-editor.default\">\n\t\t\t\t<div class=\"elementor-widget-container\">\n\t\t\t\t\t\t\t<section class=\"elementor-section elementor-top-section elementor-element elementor-element-0e7795e elementor-section-boxed elementor-section-height-default elementor-section-height-default active\" data-id=\"0e7795e\" data-element_type=\"section\"><div class=\"elementor-container elementor-column-gap-default\"><div class=\"elementor-column elementor-col-100 elementor-top-column elementor-element elementor-element-799cbf2\" data-id=\"799cbf2\" data-element_type=\"column\"><div class=\"elementor-widget-wrap elementor-element-populated\"><div class=\"elementor-element elementor-element-f6a1570 elementor-widget elementor-widget-text-editor\" data-id=\"f6a1570\" data-element_type=\"widget\" data-widget_type=\"text-editor.default\"><div class=\"elementor-widget-container\"><div class=\"elementor-text-editor elementor-clearfix\"><p><em><strong>Zaproszenie do z\u0142o\u017cenie oferty<\/strong><\/em><\/p><p>w post\u0119powaniu o udzielenie zam\u00f3wienia publicznego w trybie do 130 000 z\u0142 na podst. Art. 2<br \/>ust. 1 pkt 1) ustawy z dnia 11 wrze\u015bnia 2019 r. Prawo zam\u00f3wie\u0144 publicznych ( Dz. U. z 2019<br \/>r., poz. 2019 ze zm.) na realizacj\u0119 zadania pt.\u00a0<em><strong>Dostawa samochodu osobowego- terenowego dla Powiatowego nadzoru Budowlanego w Przemy\u015blu.<\/strong><\/em><\/p><\/div><\/div><\/div><\/div><\/div><\/div><\/section><section class=\"elementor-section elementor-top-section elementor-element elementor-element-4974d90 elementor-section-boxed elementor-section-height-default elementor-section-height-default\" data-id=\"4974d90\" data-element_type=\"section\"><div class=\"elementor-container elementor-column-gap-default\"><div class=\"elementor-column elementor-col-100 elementor-top-column elementor-element elementor-element-74e278d\" data-id=\"74e278d\" data-element_type=\"column\"><div class=\"elementor-widget-wrap elementor-element-populated\"><div class=\"elementor-element elementor-element-4b0f8ae elementor-widget elementor-widget-text-editor\" data-id=\"4b0f8ae\" data-element_type=\"widget\" data-widget_type=\"text-editor.default\"><div class=\"elementor-widget-container\"><div class=\"elementor-text-editor elementor-clearfix\"><p><em>Za\u0142\u0105czniki do w\/w post\u0119powania.\u00a0<\/em><\/p><p><em><strong><a href=\"https:\/\/pinbprzemysl.pl\/wp-content\/uploads\/2021\/03\/Zaproszenie-do-z%C5%82o%C5%BCenia-oferty-1.pdf\">Zaproszenie do z\u0142o\u017cenia oferty\u00a0<\/a><\/strong><\/em><\/p><p><em><strong><a href=\"https:\/\/pinbprzemysl.pl\/wp-content\/uploads\/2021\/03\/Za%C5%82acznik-nr-1-Szczego%CC%81lowy-opis-przedmiotu-zamo%CC%81wienia.docx\">Za\u0142\u0105cznik nr 1 \u2013 Szczeg\u00f3\u0142owy opis przedmiotu zam\u00f3wienia<\/a><\/strong><\/em><\/p><p><em><strong><a href=\"https:\/\/pinbprzemysl.pl\/wp-content\/uploads\/2021\/03\/Za%C5%82acznik-nr-2-Formularz-ofertowy-1.docx\">Za\u0142\u0105cznik nr 2 \u2013 Formularz ofertowy\u00a0<\/a><\/strong><\/em><\/p><p><em><strong><a href=\"https:\/\/pinbprzemysl.pl\/wp-content\/uploads\/2021\/03\/za%C5%82acznik-nr-3-Opis-oferowanego-towaru-1.docx\">Za\u0142\u0105cznik nr 3 \u2013 Opis oferowanego przedmiotu<\/a><\/strong><\/em><\/p><p><em><strong><a href=\"https:\/\/pinbprzemysl.pl\/wp-content\/uploads\/2021\/03\/Za%C5%82acznik-nr-4-Wz%C3%B3r-umowy-1.docx\">Za\u0142\u0105cznik nr 4 \u2013 Wz\u00f3r umowy<\/a><\/strong><\/em><\/p><p><em><strong><a href=\"https:\/\/pinbprzemysl.pl\/wp-content\/uploads\/2021\/03\/Za%C5%82acznik-nr-5-Klauzula-informacyjna-1.docx\">Za\u0142\u0105cznik nr 5 \u2013 klauzula informacyjna\u00a0<\/a><\/strong><\/em><\/p><p><em><strong><a href=\"https:\/\/pinbprzemysl.pl\/wp-content\/uploads\/2021\/03\/Protok%C3%B3%C5%82-Zdawczo-Odbiorczy-do-wzoru-umowy-1.docx\">Protok\u00f3\u0142 zdawczo \u2013 odbiorczy do woru umowy\u00a0<\/a><\/strong><\/em><\/p><\/div><\/div><\/div><\/div><\/div><\/div><\/section>\t\t\t\t\t\t<\/div>\n\t\t\t\t<\/div>\n\t\t\t\t\t<\/div>\n\t\t<\/div>\n\t\t\t\t\t\t\t<\/div>\n\t\t<\/section>\n\t\t\t\t\t\t\t<\/div>\n\t\t","protected":false},"excerpt":{"rendered":"<p>Zam\u00f3wienie Publiczne Zaproszenie do z\u0142o\u017cenie oferty w post\u0119powaniu o udzielenie zam\u00f3wienia publicznego w trybie do 130 000 z\u0142 na podst. Art. 2 ust. 1 pkt 1) ustawy z dnia 11 wrze\u015bnia 2019 r. Prawo zam\u00f3wie\u0144 publicznych ( Dz. U. z 2019 r., poz. 2019 ze zm.) na realizacj\u0119 zadania pt.&nbsp;Dostawa samochodu osobowego- terenowego dla Powiatowego&hellip;<\/p>\n","protected":false},"author":1,"featured_media":0,"parent":358,"menu_order":0,"comment_status":"closed","ping_status":"closed","template":"","meta":{"_eb_attr":""},"yoast_head":"<!-- This site is optimized with the Yoast SEO plugin v19.14 - https:\/\/yoast.com\/wordpress\/plugins\/seo\/ -->\n<title>Archiwalne - Powiatowy Inspektorat Nadzoru Budowlanego<\/title>\n<meta name=\"robots\" content=\"index, follow, max-snippet:-1, max-image-preview:large, max-video-preview:-1\" \/>\n<link rel=\"canonical\" href=\"https:\/\/pinbprzemysl.pl\/?page_id=533\" \/>\n<meta property=\"og:locale\" content=\"pl_PL\" \/>\n<meta property=\"og:type\" content=\"article\" \/>\n<meta property=\"og:title\" content=\"Archiwalne - Powiatowy Inspektorat Nadzoru Budowlanego\" \/>\n<meta property=\"og:description\" content=\"Zam\u00f3wienie Publiczne Zaproszenie do z\u0142o\u017cenie oferty w post\u0119powaniu o udzielenie zam\u00f3wienia publicznego w trybie do 130 000 z\u0142 na podst. Art. 2 ust. 1 pkt 1) ustawy z dnia 11 wrze\u015bnia 2019 r. Prawo zam\u00f3wie\u0144 publicznych ( Dz. U. z 2019 r., poz. 2019 ze zm.) na realizacj\u0119 zadania pt.&nbsp;Dostawa samochodu osobowego- terenowego dla Powiatowego&hellip;\" \/>\n<meta property=\"og:url\" content=\"https:\/\/pinbprzemysl.pl\/?page_id=533\" \/>\n<meta property=\"og:site_name\" content=\"Powiatowy Inspektorat Nadzoru Budowlanego\" \/>\n<meta property=\"article:modified_time\" content=\"2021-03-18T15:41:12+00:00\" \/>\n<meta name=\"twitter:card\" content=\"summary_large_image\" \/>\n<meta name=\"twitter:label1\" content=\"Szacowany czas czytania\" \/>\n\t<meta name=\"twitter:data1\" content=\"1 minuta\" \/>\n<script type=\"application\/ld+json\" class=\"yoast-schema-graph\">{\"@context\":\"https:\/\/schema.org\",\"@graph\":[{\"@type\":\"WebPage\",\"@id\":\"https:\/\/pinbprzemysl.pl\/?page_id=533\",\"url\":\"https:\/\/pinbprzemysl.pl\/?page_id=533\",\"name\":\"Archiwalne - Powiatowy Inspektorat Nadzoru Budowlanego\",\"isPartOf\":{\"@id\":\"https:\/\/pinbprzemysl.pl\/#website\"},\"datePublished\":\"2021-03-18T15:36:19+00:00\",\"dateModified\":\"2021-03-18T15:41:12+00:00\",\"breadcrumb\":{\"@id\":\"https:\/\/pinbprzemysl.pl\/?page_id=533#breadcrumb\"},\"inLanguage\":\"pl-PL\",\"potentialAction\":[{\"@type\":\"ReadAction\",\"target\":[\"https:\/\/pinbprzemysl.pl\/?page_id=533\"]}]},{\"@type\":\"BreadcrumbList\",\"@id\":\"https:\/\/pinbprzemysl.pl\/?page_id=533#breadcrumb\",\"itemListElement\":[{\"@type\":\"ListItem\",\"position\":1,\"name\":\"Strona g\u0142\u00f3wna\",\"item\":\"https:\/\/pinbprzemysl.pl\/\"},{\"@type\":\"ListItem\",\"position\":2,\"name\":\"Home\",\"item\":\"https:\/\/pinbprzemysl.pl\/\"},{\"@type\":\"ListItem\",\"position\":3,\"name\":\"Zam\u00f3wienia Publiczne\",\"item\":\"https:\/\/pinbprzemysl.pl\/?page_id=358\"},{\"@type\":\"ListItem\",\"position\":4,\"name\":\"Archiwalne\"}]},{\"@type\":\"WebSite\",\"@id\":\"https:\/\/pinbprzemysl.pl\/#website\",\"url\":\"https:\/\/pinbprzemysl.pl\/\",\"name\":\"Powiatowy Inspektorat Nadzoru Budowlanego\",\"description\":\"PINB Przemy\u015bl\",\"publisher\":{\"@id\":\"https:\/\/pinbprzemysl.pl\/#organization\"},\"potentialAction\":[{\"@type\":\"SearchAction\",\"target\":{\"@type\":\"EntryPoint\",\"urlTemplate\":\"https:\/\/pinbprzemysl.pl\/?s={search_term_string}\"},\"query-input\":\"required name=search_term_string\"}],\"inLanguage\":\"pl-PL\"},{\"@type\":\"Organization\",\"@id\":\"https:\/\/pinbprzemysl.pl\/#organization\",\"name\":\"PINB Przemy\u015bl - Powiatowy Inspektorat Nadzoru Budowlanego w Przemy\u015blu\",\"url\":\"https:\/\/pinbprzemysl.pl\/\",\"logo\":{\"@type\":\"ImageObject\",\"inLanguage\":\"pl-PL\",\"@id\":\"https:\/\/pinbprzemysl.pl\/#\/schema\/logo\/image\/\",\"url\":\"https:\/\/pinbprzemysl.pl\/wp-content\/uploads\/2021\/03\/pinb-561x330-1-e1616830684477.jpeg\",\"contentUrl\":\"https:\/\/pinbprzemysl.pl\/wp-content\/uploads\/2021\/03\/pinb-561x330-1-e1616830684477.jpeg\",\"width\":378,\"height\":235,\"caption\":\"PINB Przemy\u015bl - Powiatowy Inspektorat Nadzoru Budowlanego w Przemy\u015blu\"},\"image\":{\"@id\":\"https:\/\/pinbprzemysl.pl\/#\/schema\/logo\/image\/\"}}]}<\/script>\n<!-- \/ Yoast SEO plugin. -->","yoast_head_json":{"title":"Archiwalne - Powiatowy Inspektorat Nadzoru Budowlanego","robots":{"index":"index","follow":"follow","max-snippet":"max-snippet:-1","max-image-preview":"max-image-preview:large","max-video-preview":"max-video-preview:-1"},"canonical":"https:\/\/pinbprzemysl.pl\/?page_id=533","og_locale":"pl_PL","og_type":"article","og_title":"Archiwalne - Powiatowy Inspektorat Nadzoru Budowlanego","og_description":"Zam\u00f3wienie Publiczne Zaproszenie do z\u0142o\u017cenie oferty w post\u0119powaniu o udzielenie zam\u00f3wienia publicznego w trybie do 130 000 z\u0142 na podst. Art. 2 ust. 1 pkt 1) ustawy z dnia 11 wrze\u015bnia 2019 r. Prawo zam\u00f3wie\u0144 publicznych ( Dz. U. z 2019 r., poz. 2019 ze zm.) na realizacj\u0119 zadania pt.&nbsp;Dostawa samochodu osobowego- terenowego dla Powiatowego&hellip;","og_url":"https:\/\/pinbprzemysl.pl\/?page_id=533","og_site_name":"Powiatowy Inspektorat Nadzoru Budowlanego","article_modified_time":"2021-03-18T15:41:12+00:00","twitter_card":"summary_large_image","twitter_misc":{"Szacowany czas czytania":"1 minuta"},"schema":{"@context":"https:\/\/schema.org","@graph":[{"@type":"WebPage","@id":"https:\/\/pinbprzemysl.pl\/?page_id=533","url":"https:\/\/pinbprzemysl.pl\/?page_id=533","name":"Archiwalne - Powiatowy Inspektorat Nadzoru Budowlanego","isPartOf":{"@id":"https:\/\/pinbprzemysl.pl\/#website"},"datePublished":"2021-03-18T15:36:19+00:00","dateModified":"2021-03-18T15:41:12+00:00","breadcrumb":{"@id":"https:\/\/pinbprzemysl.pl\/?page_id=533#breadcrumb"},"inLanguage":"pl-PL","potentialAction":[{"@type":"ReadAction","target":["https:\/\/pinbprzemysl.pl\/?page_id=533"]}]},{"@type":"BreadcrumbList","@id":"https:\/\/pinbprzemysl.pl\/?page_id=533#breadcrumb","itemListElement":[{"@type":"ListItem","position":1,"name":"Strona g\u0142\u00f3wna","item":"https:\/\/pinbprzemysl.pl\/"},{"@type":"ListItem","position":2,"name":"Home","item":"https:\/\/pinbprzemysl.pl\/"},{"@type":"ListItem","position":3,"name":"Zam\u00f3wienia Publiczne","item":"https:\/\/pinbprzemysl.pl\/?page_id=358"},{"@type":"ListItem","position":4,"name":"Archiwalne"}]},{"@type":"WebSite","@id":"https:\/\/pinbprzemysl.pl\/#website","url":"https:\/\/pinbprzemysl.pl\/","name":"Powiatowy Inspektorat Nadzoru Budowlanego","description":"PINB Przemy\u015bl","publisher":{"@id":"https:\/\/pinbprzemysl.pl\/#organization"},"potentialAction":[{"@type":"SearchAction","target":{"@type":"EntryPoint","urlTemplate":"https:\/\/pinbprzemysl.pl\/?s={search_term_string}"},"query-input":"required name=search_term_string"}],"inLanguage":"pl-PL"},{"@type":"Organization","@id":"https:\/\/pinbprzemysl.pl\/#organization","name":"PINB Przemy\u015bl - Powiatowy Inspektorat Nadzoru Budowlanego w Przemy\u015blu","url":"https:\/\/pinbprzemysl.pl\/","logo":{"@type":"ImageObject","inLanguage":"pl-PL","@id":"https:\/\/pinbprzemysl.pl\/#\/schema\/logo\/image\/","url":"https:\/\/pinbprzemysl.pl\/wp-content\/uploads\/2021\/03\/pinb-561x330-1-e1616830684477.jpeg","contentUrl":"https:\/\/pinbprzemysl.pl\/wp-content\/uploads\/2021\/03\/pinb-561x330-1-e1616830684477.jpeg","width":378,"height":235,"caption":"PINB Przemy\u015bl - Powiatowy Inspektorat Nadzoru Budowlanego w Przemy\u015blu"},"image":{"@id":"https:\/\/pinbprzemysl.pl\/#\/schema\/logo\/image\/"}}]}},"_links":{"self":[{"href":"https:\/\/pinbprzemysl.pl\/index.php?rest_route=\/wp\/v2\/pages\/533"}],"collection":[{"href":"https:\/\/pinbprzemysl.pl\/index.php?rest_route=\/wp\/v2\/pages"}],"about":[{"href":"https:\/\/pinbprzemysl.pl\/index.php?rest_route=\/wp\/v2\/types\/page"}],"author":[{"embeddable":true,"href":"https:\/\/pinbprzemysl.pl\/index.php?rest_route=\/wp\/v2\/users\/1"}],"replies":[{"embeddable":true,"href":"https:\/\/pinbprzemysl.pl\/index.php?rest_route=%2Fwp%2Fv2%2Fcomments&post=533"}],"version-history":[{"count":8,"href":"https:\/\/pinbprzemysl.pl\/index.php?rest_route=\/wp\/v2\/pages\/533\/revisions"}],"predecessor-version":[{"id":543,"href":"https:\/\/pinbprzemysl.pl\/index.php?rest_route=\/wp\/v2\/pages\/533\/revisions\/543"}],"up":[{"embeddable":true,"href":"https:\/\/pinbprzemysl.pl\/index.php?rest_route=\/wp\/v2\/pages\/358"}],"wp:attachment":[{"href":"https:\/\/pinbprzemysl.pl\/index.php?rest_route=%2Fwp%2Fv2%2Fmedia&parent=533"}],"curies":[{"name":"wp","href":"https:\/\/api.w.org\/{rel}","templated":true}]}}