{"id":31,"date":"2018-10-23T08:04:01","date_gmt":"2018-10-23T08:04:01","guid":{"rendered":"https:\/\/futuriodemos.com\/default-demo\/?page_id=31"},"modified":"2026-03-13T12:56:04","modified_gmt":"2026-03-13T11:56:04","slug":"home","status":"publish","type":"page","link":"https:\/\/pinbprzemysl.pl\/","title":{"rendered":"Home"},"content":{"rendered":"\t\t<div data-elementor-type=\"wp-post\" data-elementor-id=\"31\" class=\"elementor elementor-31\">\n\t\t\t\t\t\t\t\t\t<section class=\"elementor-section elementor-top-section elementor-element elementor-element-7527e23a elementor-section-height-min-height elementor-section-content-middle elementor-section-boxed elementor-section-height-default elementor-section-items-middle\" data-id=\"7527e23a\" data-element_type=\"section\" id=\"home\" data-settings=\"{&quot;background_background&quot;:&quot;classic&quot;,&quot;shape_divider_bottom&quot;:&quot;mountains&quot;}\">\n\t\t\t\t\t\t\t<div class=\"elementor-background-overlay\"><\/div>\n\t\t\t\t\t\t<div class=\"elementor-shape elementor-shape-bottom\" data-negative=\"false\">\n\t\t\t<svg xmlns=\"http:\/\/www.w3.org\/2000\/svg\" viewBox=\"0 0 1000 100\" preserveAspectRatio=\"none\">\n\t<path class=\"elementor-shape-fill\" opacity=\"0.33\" d=\"M473,67.3c-203.9,88.3-263.1-34-320.3,0C66,119.1,0,59.7,0,59.7V0h1000v59.7 c0,0-62.1,26.1-94.9,29.3c-32.8,3.3-62.8-12.3-75.8-22.1C806,49.6,745.3,8.7,694.9,4.7S492.4,59,473,67.3z\"\/>\n\t<path class=\"elementor-shape-fill\" opacity=\"0.66\" d=\"M734,67.3c-45.5,0-77.2-23.2-129.1-39.1c-28.6-8.7-150.3-10.1-254,39.1 s-91.7-34.4-149.2,0C115.7,118.3,0,39.8,0,39.8V0h1000v36.5c0,0-28.2-18.5-92.1-18.5C810.2,18.1,775.7,67.3,734,67.3z\"\/>\n\t<path class=\"elementor-shape-fill\" d=\"M766.1,28.9c-200-57.5-266,65.5-395.1,19.5C242,1.8,242,5.4,184.8,20.6C128,35.8,132.3,44.9,89.9,52.5C28.6,63.7,0,0,0,0 h1000c0,0-9.9,40.9-83.6,48.1S829.6,47,766.1,28.9z\"\/>\n<\/svg>\t\t<\/div>\n\t\t\t\t\t<div class=\"elementor-container elementor-column-gap-default\">\n\t\t\t\t\t<div class=\"elementor-column elementor-col-100 elementor-top-column elementor-element elementor-element-46e3c576\" data-id=\"46e3c576\" data-element_type=\"column\">\n\t\t\t<div class=\"elementor-widget-wrap elementor-element-populated\">\n\t\t\t\t\t\t\t\t<div class=\"elementor-element elementor-element-6580b53c elementor-widget elementor-widget-writing-effect-headline\" data-id=\"6580b53c\" data-element_type=\"widget\" data-widget_type=\"writing-effect-headline.default\">\n\t\t\t\t<div class=\"elementor-widget-container\">\n\t\t\t        <h2 class=\"futurio-extra-written-headline\" data-speed=\"10\" data-delay=\"100\" data-loop=\"0\">\r\n                    <span class=\"before-written\">Powiatowy Inspektorat Nadzoru Budowlanego w Przemy\u015blu<\/span>\r\n        \r\n        \r\n                <\/h2>\r\n        \t\t<\/div>\n\t\t\t\t<\/div>\n\t\t\t\t<section class=\"elementor-section elementor-inner-section elementor-element elementor-element-4905f53 elementor-section-boxed elementor-section-height-default elementor-section-height-default\" data-id=\"4905f53\" data-element_type=\"section\">\n\t\t\t\t\t\t<div class=\"elementor-container elementor-column-gap-default\">\n\t\t\t\t\t<div class=\"elementor-column elementor-col-50 elementor-inner-column elementor-element elementor-element-76958f9\" data-id=\"76958f9\" data-element_type=\"column\">\n\t\t\t<div class=\"elementor-widget-wrap elementor-element-populated\">\n\t\t\t\t\t\t\t\t<div class=\"elementor-element elementor-element-4f982738 elementor-align-right elementor-mobile-align-center elementor-widget elementor-widget-button\" data-id=\"4f982738\" data-element_type=\"widget\" data-widget_type=\"button.default\">\n\t\t\t\t<div class=\"elementor-widget-container\">\n\t\t\t\t\t<div class=\"elementor-button-wrapper\">\n\t\t\t<a href=\"https:\/\/pinbprzemysl.pl\/?page_id=641\" class=\"elementor-button-link elementor-button elementor-size-md\" role=\"button\">\n\t\t\t\t\t\t<span class=\"elementor-button-content-wrapper\">\n\t\t\t\t\t\t<span class=\"elementor-button-text\">og\u0142oszenia<\/span>\n\t\t<\/span>\n\t\t\t\t\t<\/a>\n\t\t<\/div>\n\t\t\t\t<\/div>\n\t\t\t\t<\/div>\n\t\t\t\t\t<\/div>\n\t\t<\/div>\n\t\t\t\t<div class=\"elementor-column elementor-col-50 elementor-inner-column elementor-element elementor-element-f473959\" data-id=\"f473959\" data-element_type=\"column\">\n\t\t\t<div class=\"elementor-widget-wrap elementor-element-populated\">\n\t\t\t\t\t\t\t\t<div class=\"elementor-element elementor-element-e8a1b14 elementor-align-left elementor-mobile-align-center elementor-widget elementor-widget-button\" data-id=\"e8a1b14\" data-element_type=\"widget\" data-widget_type=\"button.default\">\n\t\t\t\t<div class=\"elementor-widget-container\">\n\t\t\t\t\t<div class=\"elementor-button-wrapper\">\n\t\t\t<a href=\"https:\/\/pinbprzemysl.pl\/?page_id=73\" class=\"elementor-button-link elementor-button elementor-size-md\" role=\"button\">\n\t\t\t\t\t\t<span class=\"elementor-button-content-wrapper\">\n\t\t\t\t\t\t<span class=\"elementor-button-text\">Kontak z nami <\/span>\n\t\t<\/span>\n\t\t\t\t\t<\/a>\n\t\t<\/div>\n\t\t\t\t<\/div>\n\t\t\t\t<\/div>\n\t\t\t\t\t<\/div>\n\t\t<\/div>\n\t\t\t\t\t\t\t<\/div>\n\t\t<\/section>\n\t\t\t\t<div class=\"elementor-element elementor-element-5d345a2 elementor-widget elementor-widget-text-editor\" data-id=\"5d345a2\" data-element_type=\"widget\" data-widget_type=\"text-editor.default\">\n\t\t\t\t<div class=\"elementor-widget-container\">\n\t\t\t\t\t\t\t\t\t\t\t\t\t<\/div>\n\t\t\t\t<\/div>\n\t\t\t\t\t<\/div>\n\t\t<\/div>\n\t\t\t\t\t\t\t<\/div>\n\t\t<\/section>\n\t\t\t\t<section class=\"elementor-section elementor-top-section elementor-element elementor-element-0fdb39f elementor-section-boxed elementor-section-height-default elementor-section-height-default\" data-id=\"0fdb39f\" data-element_type=\"section\">\n\t\t\t\t\t\t<div class=\"elementor-container elementor-column-gap-default\">\n\t\t\t\t\t<div class=\"elementor-column elementor-col-100 elementor-top-column elementor-element elementor-element-b330bd7\" data-id=\"b330bd7\" data-element_type=\"column\">\n\t\t\t<div class=\"elementor-widget-wrap elementor-element-populated\">\n\t\t\t\t\t\t\t\t<div class=\"elementor-element elementor-element-298afb2 elementor-widget elementor-widget-text-editor\" data-id=\"298afb2\" data-element_type=\"widget\" data-widget_type=\"text-editor.default\">\n\t\t\t\t<div class=\"elementor-widget-container\">\n\t\t\t\t\t\t\t<p style=\"margin-top: 12px; margin-bottom: 12px; padding: 0px; color: #404040; font-family: Verdana, Geneva, Arial, Helvetica, sans-serif; font-size: 13px; text-align: center;\"><strong><span style=\"font-size: 12pt;\">Witamy na stronie internetowej Powiatowego Inspektoratu Nadzoru Budowlanego w Przemy\u015blu.<\/span><\/strong><\/p><p style=\"margin-top: 12px; margin-bottom: 12px; padding: 0px; color: #404040; font-family: Verdana, Geneva, Arial, Helvetica, sans-serif; font-size: 13px; text-align: center;\"><span style=\"font-size: 10pt;\">\u00a0<\/span><\/p><p style=\"margin-top: 12px; margin-bottom: 12px; padding: 0px; color: #404040; font-family: Verdana, Geneva, Arial, Helvetica, sans-serif; font-size: 13px;\"><span style=\"font-size: 10pt;\">Jeste\u015bmy organem pomocniczym wykonuj\u0105cym zadania Powiatowego Inspektora Nadzoru Budowlanego, okre\u015blone w ustawie z dnia 7 lipca 1994 r. Prawo budowlane. Zadania te wykonujemy na terenie powiatu przemyskiego obejmuj\u0105cego 10 gmin :<\/span><\/p><p style=\"margin-top: 12px; margin-bottom: 12px; padding: 0px; color: #404040; font-family: Verdana, Geneva, Arial, Helvetica, sans-serif; font-size: 13px;\"><span style=\"font-size: 10pt;\">Przemy\u015bl, \u017burawica, Medyka, Stubno, Or\u0142y, Krasiczyn, Fredropol, Krzywcza, Bircza, Dubiecko.<\/span><\/p><p style=\"margin-top: 12px; margin-bottom: 12px; padding: 0px; color: #404040; font-family: Verdana, Geneva, Arial, Helvetica, sans-serif; font-size: 13px;\"><span style=\"font-size: 10pt;\">\u00a0<\/span><\/p><p style=\"margin-top: 12px; margin-bottom: 12px; padding: 0px; color: #404040; font-family: Verdana, Geneva, Arial, Helvetica, sans-serif; font-size: 13px;\"><span style=\"font-size: 10pt;\">Zapraszamy do siedziby urz\u0119du w Przemy\u015blu Plac Dominika\u0144ski 3 pom. 57 ( I pi\u0119tro )<\/span><\/p><p style=\"margin-top: 12px; margin-bottom: 12px; padding: 0px; color: #404040; font-family: Verdana, Geneva, Arial, Helvetica, sans-serif; font-size: 13px;\"><span style=\"font-size: 10pt;\">Inspektorat jest czynny w dniach:<br \/><\/span><\/p><p style=\"margin-top: 12px; margin-bottom: 12px; padding: 0px; color: #404040; font-family: Verdana, Geneva, Arial, Helvetica, sans-serif; font-size: 13px;\"><span style=\"font-size: 10pt;\"><strong>poniedzia\u0142ek, \u015brod\u0119, czwartek i pi\u0105tek w godz. 7:30 \u2013 15:30<\/strong><\/span><\/p><p style=\"margin-top: 12px; margin-bottom: 12px; padding: 0px; color: #404040; font-family: Verdana, Geneva, Arial, Helvetica, sans-serif; font-size: 13px;\"><span style=\"font-size: 10pt;\"><strong>wtorek w godz. 7:30 &#8211; 18:00<br \/><\/strong><\/span><\/p><p style=\"margin-top: 12px; margin-bottom: 12px; padding: 0px; color: #404040; font-family: Verdana, Geneva, Arial, Helvetica, sans-serif; font-size: 13px;\"><span style=\"font-size: 10pt;\"><strong>\u00a0<\/strong><\/span><\/p><p style=\"margin-top: 12px; margin-bottom: 12px; padding: 0px; color: #404040; font-family: Verdana, Geneva, Arial, Helvetica, sans-serif; font-size: 13px;\"><span style=\"font-size: 10pt;\">\u00a0<\/span><\/p><p style=\"margin-top: 12px; margin-bottom: 12px; padding: 0px; color: #404040; font-family: Verdana, Geneva, Arial, Helvetica, sans-serif; font-size: 13px;\"><span style=\"font-size: 10pt;\"><strong>Zach\u0119camy do zapoznania si\u0119 z pozosta\u0142ymi, bardziej szczeg\u00f3\u0142owymi informacjami zamieszczonymi na stronie oraz do skorzystania z zamieszczonych na stronie formularzy pomocnych przy za\u0142atwianiu spraw.B\u0119dziemy wdzi\u0119czni za wszelkie uwagi i sugestie zwi\u0105zane z funkcjonowaniem strony. Wszelkie informacje na ten temat mo\u017cecie Pa\u0144stwo przesy\u0142a\u0107 elektronicznie wykorzystuj\u0105c w tym celu formularz kontaktowy znajduj\u0105cy si\u0119 w dziale\u00a0 &#8216;Kontakt&#8217;<\/strong><\/span><\/p>\t\t\t\t\t\t<\/div>\n\t\t\t\t<\/div>\n\t\t\t\t\t<\/div>\n\t\t<\/div>\n\t\t\t\t\t\t\t<\/div>\n\t\t<\/section>\n\t\t\t\t<section class=\"elementor-section elementor-top-section elementor-element elementor-element-29d27e62 elementor-section-boxed elementor-section-height-default elementor-section-height-default\" data-id=\"29d27e62\" data-element_type=\"section\" id=\"services\">\n\t\t\t\t\t\t<div class=\"elementor-container elementor-column-gap-default\">\n\t\t\t\t\t<div class=\"elementor-column elementor-col-100 elementor-top-column elementor-element elementor-element-4275acad\" data-id=\"4275acad\" data-element_type=\"column\">\n\t\t\t<div class=\"elementor-widget-wrap elementor-element-populated\">\n\t\t\t\t\t\t\t\t\t<\/div>\n\t\t<\/div>\n\t\t\t\t\t\t\t<\/div>\n\t\t<\/section>\n\t\t\t\t<section class=\"elementor-section elementor-top-section elementor-element elementor-element-35f6d45 elementor-section-boxed elementor-section-height-default elementor-section-height-default\" data-id=\"35f6d45\" data-element_type=\"section\">\n\t\t\t\t\t\t<div class=\"elementor-container elementor-column-gap-default\">\n\t\t\t\t\t<div class=\"elementor-column elementor-col-50 elementor-top-column elementor-element elementor-element-f688c24\" data-id=\"f688c24\" data-element_type=\"column\">\n\t\t\t<div class=\"elementor-widget-wrap elementor-element-populated\">\n\t\t\t\t\t\t\t\t<div class=\"elementor-element elementor-element-2c94043 elementor-widget elementor-widget-image\" data-id=\"2c94043\" data-element_type=\"widget\" data-widget_type=\"image.default\">\n\t\t\t\t<div class=\"elementor-widget-container\">\n\t\t\t\t\t\t\t\t\t\t\t\t\t\t\t\t<a href=\"https:\/\/www.gov.pl\/web\/sluzbacywilna\">\n\t\t\t\t\t\t\t<img decoding=\"async\" width=\"141\" height=\"142\" src=\"https:\/\/pinbprzemysl.pl\/wp-content\/uploads\/2021\/07\/sc.png\" class=\"attachment-large size-large wp-image-594\" alt=\"\" loading=\"lazy\" \/>\t\t\t\t\t\t\t\t<\/a>\n\t\t\t\t\t\t\t\t\t\t\t\t\t\t\t<\/div>\n\t\t\t\t<\/div>\n\t\t\t\t\t<\/div>\n\t\t<\/div>\n\t\t\t\t<div class=\"elementor-column elementor-col-50 elementor-top-column elementor-element elementor-element-66387f4\" data-id=\"66387f4\" data-element_type=\"column\">\n\t\t\t<div class=\"elementor-widget-wrap elementor-element-populated\">\n\t\t\t\t\t\t\t\t<div class=\"elementor-element elementor-element-a858901 elementor-widget elementor-widget-image\" data-id=\"a858901\" data-element_type=\"widget\" data-widget_type=\"image.default\">\n\t\t\t\t<div class=\"elementor-widget-container\">\n\t\t\t\t\t\t\t\t\t\t\t\t<figure class=\"wp-caption\">\n\t\t\t\t\t\t\t\t\t\t\t<a href=\"https:\/\/e-budownictwo.gunb.gov.pl\/\">\n\t\t\t\t\t\t\t<img decoding=\"async\" width=\"300\" height=\"127\" src=\"https:\/\/pinbprzemysl.pl\/wp-content\/uploads\/2021\/07\/pobrane-300x127.jpeg\" class=\"attachment-medium size-medium wp-image-602\" alt=\"\" loading=\"lazy\" srcset=\"https:\/\/pinbprzemysl.pl\/wp-content\/uploads\/2021\/07\/pobrane-300x127.jpeg 300w, https:\/\/pinbprzemysl.pl\/wp-content\/uploads\/2021\/07\/pobrane.jpeg 346w\" sizes=\"(max-width: 300px) 100vw, 300px\" \/>\t\t\t\t\t\t\t\t<\/a>\n\t\t\t\t\t\t\t\t\t\t\t<figcaption class=\"widget-image-caption wp-caption-text\"><\/figcaption>\n\t\t\t\t\t\t\t\t\t\t<\/figure>\n\t\t\t\t\t\t\t\t\t<\/div>\n\t\t\t\t<\/div>\n\t\t\t\t\t<\/div>\n\t\t<\/div>\n\t\t\t\t\t\t\t<\/div>\n\t\t<\/section>\n\t\t\t\t<section class=\"elementor-section elementor-top-section elementor-element elementor-element-493c0f1 elementor-section-boxed elementor-section-height-default elementor-section-height-default\" data-id=\"493c0f1\" data-element_type=\"section\">\n\t\t\t\t\t\t<div class=\"elementor-container elementor-column-gap-default\">\n\t\t\t\t\t<div class=\"elementor-column elementor-col-100 elementor-top-column elementor-element elementor-element-7f6efdb\" data-id=\"7f6efdb\" data-element_type=\"column\">\n\t\t\t<div class=\"elementor-widget-wrap\">\n\t\t\t\t\t\t\t\t\t<\/div>\n\t\t<\/div>\n\t\t\t\t\t\t\t<\/div>\n\t\t<\/section>\n\t\t\t\t<section class=\"elementor-section elementor-top-section elementor-element elementor-element-73ed994d elementor-section-boxed elementor-section-height-default elementor-section-height-default\" data-id=\"73ed994d\" data-element_type=\"section\" data-settings=\"{&quot;background_background&quot;:&quot;classic&quot;}\">\n\t\t\t\t\t\t<div class=\"elementor-container elementor-column-gap-default\">\n\t\t\t\t\t<div class=\"elementor-column elementor-col-100 elementor-top-column elementor-element elementor-element-1840ca1d\" data-id=\"1840ca1d\" data-element_type=\"column\">\n\t\t\t<div class=\"elementor-widget-wrap elementor-element-populated\">\n\t\t\t\t\t\t\t\t<div class=\"elementor-element elementor-element-197abd3 elementor-widget elementor-widget-heading\" data-id=\"197abd3\" data-element_type=\"widget\" data-widget_type=\"heading.default\">\n\t\t\t\t<div class=\"elementor-widget-container\">\n\t\t\t<h2 class=\"elementor-heading-title elementor-size-default\">Us\u0142ugi Publiczne<\/h2>\t\t<\/div>\n\t\t\t\t<\/div>\n\t\t\t\t<div class=\"elementor-element elementor-element-6c731838 elementor-pagination-position-outside elementor-widget elementor-widget-image-carousel\" data-id=\"6c731838\" data-element_type=\"widget\" data-settings=\"{&quot;slides_to_show&quot;:&quot;3&quot;,&quot;slides_to_scroll&quot;:&quot;3&quot;,&quot;navigation&quot;:&quot;dots&quot;,&quot;slides_to_show_tablet&quot;:&quot;3&quot;,&quot;autoplay&quot;:&quot;yes&quot;,&quot;pause_on_hover&quot;:&quot;yes&quot;,&quot;pause_on_interaction&quot;:&quot;yes&quot;,&quot;autoplay_speed&quot;:5000,&quot;infinite&quot;:&quot;yes&quot;,&quot;speed&quot;:500}\" data-widget_type=\"image-carousel.default\">\n\t\t\t\t<div class=\"elementor-widget-container\">\n\t\t\t\t\t<div class=\"elementor-image-carousel-wrapper swiper-container\" dir=\"ltr\">\n\t\t\t<div class=\"elementor-image-carousel swiper-wrapper\">\n\t\t\t\t\t\t\t\t<div class=\"swiper-slide\"><figure class=\"swiper-slide-inner\"><img decoding=\"async\" class=\"swiper-slide-image\" src=\"https:\/\/pinbprzemysl.pl\/wp-content\/uploads\/2021\/02\/bip.png\" alt=\"bip\" \/><\/figure><\/div><div class=\"swiper-slide\"><figure class=\"swiper-slide-inner\"><img decoding=\"async\" class=\"swiper-slide-image\" src=\"https:\/\/pinbprzemysl.pl\/wp-content\/uploads\/2021\/02\/epuap-logo-e1596625864154-300x196-1.png\" alt=\"epuap-logo-e1596625864154-300x196\" \/><\/figure><\/div><div class=\"swiper-slide\"><figure class=\"swiper-slide-inner\"><img decoding=\"async\" class=\"swiper-slide-image\" src=\"https:\/\/pinbprzemysl.pl\/wp-content\/uploads\/2021\/02\/cropped-pinbp.png\" alt=\"cropped-pinbp.png\" \/><\/figure><\/div>\t\t\t<\/div>\n\t\t\t\t\t\t\t\t\t\t\t\t<div class=\"swiper-pagination\"><\/div>\n\t\t\t\t\t\t\t\t\t\t\t\t\t<\/div>\n\t\t\t\t<\/div>\n\t\t\t\t<\/div>\n\t\t\t\t\t<\/div>\n\t\t<\/div>\n\t\t\t\t\t\t\t<\/div>\n\t\t<\/section>\n\t\t\t\t\t\t\t<\/div>\n\t\t","protected":false},"excerpt":{"rendered":"<p>Powiatowy Inspektorat Nadzoru Budowlanego w Przemy\u015blu og\u0142oszenia Kontak z nami Witamy na stronie internetowej Powiatowego Inspektoratu Nadzoru Budowlanego w Przemy\u015blu. \u00a0 Jeste\u015bmy organem pomocniczym wykonuj\u0105cym zadania Powiatowego Inspektora Nadzoru Budowlanego, okre\u015blone w ustawie z dnia 7 lipca 1994 r. Prawo budowlane. Zadania te wykonujemy na terenie powiatu przemyskiego obejmuj\u0105cego 10 gmin : Przemy\u015bl, \u017burawica, Medyka,&hellip;<\/p>\n","protected":false},"author":1,"featured_media":0,"parent":0,"menu_order":0,"comment_status":"closed","ping_status":"closed","template":"","meta":{"_eb_attr":""},"yoast_head":"<!-- This site is optimized with the Yoast SEO plugin v19.14 - https:\/\/yoast.com\/wordpress\/plugins\/seo\/ -->\n<title>Home - Powiatowy Inspektorat Nadzoru Budowlanego<\/title>\n<meta name=\"robots\" content=\"index, follow, max-snippet:-1, max-image-preview:large, max-video-preview:-1\" \/>\n<link rel=\"canonical\" href=\"https:\/\/pinbprzemysl.pl\/\" \/>\n<meta property=\"og:locale\" content=\"pl_PL\" \/>\n<meta property=\"og:type\" content=\"article\" \/>\n<meta property=\"og:title\" content=\"Home - Powiatowy Inspektorat Nadzoru Budowlanego\" \/>\n<meta property=\"og:description\" content=\"Powiatowy Inspektorat Nadzoru Budowlanego w Przemy\u015blu og\u0142oszenia Kontak z nami Witamy na stronie internetowej Powiatowego Inspektoratu Nadzoru Budowlanego w Przemy\u015blu. \u00a0 Jeste\u015bmy organem pomocniczym wykonuj\u0105cym zadania Powiatowego Inspektora Nadzoru Budowlanego, okre\u015blone w ustawie z dnia 7 lipca 1994 r. Prawo budowlane. Zadania te wykonujemy na terenie powiatu przemyskiego obejmuj\u0105cego 10 gmin : Przemy\u015bl, \u017burawica, Medyka,&hellip;\" \/>\n<meta property=\"og:url\" content=\"https:\/\/pinbprzemysl.pl\/\" \/>\n<meta property=\"og:site_name\" content=\"Powiatowy Inspektorat Nadzoru Budowlanego\" \/>\n<meta property=\"article:modified_time\" content=\"2026-03-13T11:56:04+00:00\" \/>\n<meta property=\"og:image\" content=\"https:\/\/pinbprzemysl.pl\/wp-content\/uploads\/2021\/07\/sc.png\" \/>\n<meta name=\"twitter:card\" content=\"summary_large_image\" \/>\n<meta name=\"twitter:label1\" content=\"Szacowany czas czytania\" \/>\n\t<meta name=\"twitter:data1\" content=\"4 minuty\" \/>\n<script type=\"application\/ld+json\" class=\"yoast-schema-graph\">{\"@context\":\"https:\/\/schema.org\",\"@graph\":[{\"@type\":\"WebPage\",\"@id\":\"https:\/\/pinbprzemysl.pl\/\",\"url\":\"https:\/\/pinbprzemysl.pl\/\",\"name\":\"Home - Powiatowy Inspektorat Nadzoru Budowlanego\",\"isPartOf\":{\"@id\":\"https:\/\/pinbprzemysl.pl\/#website\"},\"datePublished\":\"2018-10-23T08:04:01+00:00\",\"dateModified\":\"2026-03-13T11:56:04+00:00\",\"breadcrumb\":{\"@id\":\"https:\/\/pinbprzemysl.pl\/#breadcrumb\"},\"inLanguage\":\"pl-PL\",\"potentialAction\":[{\"@type\":\"ReadAction\",\"target\":[\"https:\/\/pinbprzemysl.pl\/\"]}]},{\"@type\":\"BreadcrumbList\",\"@id\":\"https:\/\/pinbprzemysl.pl\/#breadcrumb\",\"itemListElement\":[{\"@type\":\"ListItem\",\"position\":1,\"name\":\"Strona g\u0142\u00f3wna\",\"item\":\"https:\/\/pinbprzemysl.pl\/\"},{\"@type\":\"ListItem\",\"position\":2,\"name\":\"Home\"}]},{\"@type\":\"WebSite\",\"@id\":\"https:\/\/pinbprzemysl.pl\/#website\",\"url\":\"https:\/\/pinbprzemysl.pl\/\",\"name\":\"Powiatowy Inspektorat Nadzoru Budowlanego\",\"description\":\"PINB Przemy\u015bl\",\"publisher\":{\"@id\":\"https:\/\/pinbprzemysl.pl\/#organization\"},\"potentialAction\":[{\"@type\":\"SearchAction\",\"target\":{\"@type\":\"EntryPoint\",\"urlTemplate\":\"https:\/\/pinbprzemysl.pl\/?s={search_term_string}\"},\"query-input\":\"required name=search_term_string\"}],\"inLanguage\":\"pl-PL\"},{\"@type\":\"Organization\",\"@id\":\"https:\/\/pinbprzemysl.pl\/#organization\",\"name\":\"PINB Przemy\u015bl - Powiatowy Inspektorat Nadzoru Budowlanego w Przemy\u015blu\",\"url\":\"https:\/\/pinbprzemysl.pl\/\",\"logo\":{\"@type\":\"ImageObject\",\"inLanguage\":\"pl-PL\",\"@id\":\"https:\/\/pinbprzemysl.pl\/#\/schema\/logo\/image\/\",\"url\":\"https:\/\/pinbprzemysl.pl\/wp-content\/uploads\/2021\/03\/pinb-561x330-1-e1616830684477.jpeg\",\"contentUrl\":\"https:\/\/pinbprzemysl.pl\/wp-content\/uploads\/2021\/03\/pinb-561x330-1-e1616830684477.jpeg\",\"width\":378,\"height\":235,\"caption\":\"PINB Przemy\u015bl - Powiatowy Inspektorat Nadzoru Budowlanego w Przemy\u015blu\"},\"image\":{\"@id\":\"https:\/\/pinbprzemysl.pl\/#\/schema\/logo\/image\/\"}}]}<\/script>\n<!-- \/ Yoast SEO plugin. -->","yoast_head_json":{"title":"Home - Powiatowy Inspektorat Nadzoru Budowlanego","robots":{"index":"index","follow":"follow","max-snippet":"max-snippet:-1","max-image-preview":"max-image-preview:large","max-video-preview":"max-video-preview:-1"},"canonical":"https:\/\/pinbprzemysl.pl\/","og_locale":"pl_PL","og_type":"article","og_title":"Home - Powiatowy Inspektorat Nadzoru Budowlanego","og_description":"Powiatowy Inspektorat Nadzoru Budowlanego w Przemy\u015blu og\u0142oszenia Kontak z nami Witamy na stronie internetowej Powiatowego Inspektoratu Nadzoru Budowlanego w Przemy\u015blu. \u00a0 Jeste\u015bmy organem pomocniczym wykonuj\u0105cym zadania Powiatowego Inspektora Nadzoru Budowlanego, okre\u015blone w ustawie z dnia 7 lipca 1994 r. Prawo budowlane. Zadania te wykonujemy na terenie powiatu przemyskiego obejmuj\u0105cego 10 gmin : Przemy\u015bl, \u017burawica, Medyka,&hellip;","og_url":"https:\/\/pinbprzemysl.pl\/","og_site_name":"Powiatowy Inspektorat Nadzoru Budowlanego","article_modified_time":"2026-03-13T11:56:04+00:00","og_image":[{"url":"https:\/\/pinbprzemysl.pl\/wp-content\/uploads\/2021\/07\/sc.png"}],"twitter_card":"summary_large_image","twitter_misc":{"Szacowany czas czytania":"4 minuty"},"schema":{"@context":"https:\/\/schema.org","@graph":[{"@type":"WebPage","@id":"https:\/\/pinbprzemysl.pl\/","url":"https:\/\/pinbprzemysl.pl\/","name":"Home - Powiatowy Inspektorat Nadzoru Budowlanego","isPartOf":{"@id":"https:\/\/pinbprzemysl.pl\/#website"},"datePublished":"2018-10-23T08:04:01+00:00","dateModified":"2026-03-13T11:56:04+00:00","breadcrumb":{"@id":"https:\/\/pinbprzemysl.pl\/#breadcrumb"},"inLanguage":"pl-PL","potentialAction":[{"@type":"ReadAction","target":["https:\/\/pinbprzemysl.pl\/"]}]},{"@type":"BreadcrumbList","@id":"https:\/\/pinbprzemysl.pl\/#breadcrumb","itemListElement":[{"@type":"ListItem","position":1,"name":"Strona g\u0142\u00f3wna","item":"https:\/\/pinbprzemysl.pl\/"},{"@type":"ListItem","position":2,"name":"Home"}]},{"@type":"WebSite","@id":"https:\/\/pinbprzemysl.pl\/#website","url":"https:\/\/pinbprzemysl.pl\/","name":"Powiatowy Inspektorat Nadzoru Budowlanego","description":"PINB Przemy\u015bl","publisher":{"@id":"https:\/\/pinbprzemysl.pl\/#organization"},"potentialAction":[{"@type":"SearchAction","target":{"@type":"EntryPoint","urlTemplate":"https:\/\/pinbprzemysl.pl\/?s={search_term_string}"},"query-input":"required name=search_term_string"}],"inLanguage":"pl-PL"},{"@type":"Organization","@id":"https:\/\/pinbprzemysl.pl\/#organization","name":"PINB Przemy\u015bl - Powiatowy Inspektorat Nadzoru Budowlanego w Przemy\u015blu","url":"https:\/\/pinbprzemysl.pl\/","logo":{"@type":"ImageObject","inLanguage":"pl-PL","@id":"https:\/\/pinbprzemysl.pl\/#\/schema\/logo\/image\/","url":"https:\/\/pinbprzemysl.pl\/wp-content\/uploads\/2021\/03\/pinb-561x330-1-e1616830684477.jpeg","contentUrl":"https:\/\/pinbprzemysl.pl\/wp-content\/uploads\/2021\/03\/pinb-561x330-1-e1616830684477.jpeg","width":378,"height":235,"caption":"PINB Przemy\u015bl - Powiatowy Inspektorat Nadzoru Budowlanego w Przemy\u015blu"},"image":{"@id":"https:\/\/pinbprzemysl.pl\/#\/schema\/logo\/image\/"}}]}},"_links":{"self":[{"href":"https:\/\/pinbprzemysl.pl\/index.php?rest_route=\/wp\/v2\/pages\/31"}],"collection":[{"href":"https:\/\/pinbprzemysl.pl\/index.php?rest_route=\/wp\/v2\/pages"}],"about":[{"href":"https:\/\/pinbprzemysl.pl\/index.php?rest_route=\/wp\/v2\/types\/page"}],"author":[{"embeddable":true,"href":"https:\/\/pinbprzemysl.pl\/index.php?rest_route=\/wp\/v2\/users\/1"}],"replies":[{"embeddable":true,"href":"https:\/\/pinbprzemysl.pl\/index.php?rest_route=%2Fwp%2Fv2%2Fcomments&post=31"}],"version-history":[{"count":177,"href":"https:\/\/pinbprzemysl.pl\/index.php?rest_route=\/wp\/v2\/pages\/31\/revisions"}],"predecessor-version":[{"id":1205,"href":"https:\/\/pinbprzemysl.pl\/index.php?rest_route=\/wp\/v2\/pages\/31\/revisions\/1205"}],"wp:attachment":[{"href":"https:\/\/pinbprzemysl.pl\/index.php?rest_route=%2Fwp%2Fv2%2Fmedia&parent=31"}],"curies":[{"name":"wp","href":"https:\/\/api.w.org\/{rel}","templated":true}]}}